{"id":30631,"date":"2025-09-20T23:18:21","date_gmt":"2025-09-21T04:18:21","guid":{"rendered":"https:\/\/alensphotogallery.com\/?page_id=30631"},"modified":"2025-09-20T23:18:21","modified_gmt":"2025-09-21T04:18:21","slug":"triathlon","status":"publish","type":"page","link":"https:\/\/alensphotogallery.com\/fr\/events\/triathlon\/","title":{"rendered":"Triathlon"},"content":{"rendered":"<div   class='avia-fullscreen-slider main_color   avia-builder-el-0  el_before_av_section  avia-builder-el-first  container_wrap sidebar_right'  >\n<style type=\"text\/css\" data-created_by=\"avia_inline_auto\" id=\"style-css-av-ltc709id-46572e0e10cf8ec3370650ba2543bdc0\">\n#top #wrap_all .avia-slideshow .av-slideshow-caption.av-ltc709id-46572e0e10cf8ec3370650ba2543bdc0__0 .avia-caption-title{\nfont-size:60px;\n}\n<\/style>\n<a href='#next-section' title='' class='scroll-down-link av-control-hidden avia-svg-icon avia-font-svg_entypo-fontello' data-av_svg_icon='down-open-mini' data-av_iconset='svg_entypo-fontello'><svg version=\"1.1\" xmlns=\"http:\/\/www.w3.org\/2000\/svg\" width=\"15\" height=\"32\" viewbox=\"0 0 15 32\" preserveaspectratio=\"xMidYMid meet\" aria-labelledby='av-svg-title-1' aria-describedby='av-svg-desc-1' role=\"graphics-symbol\" aria-hidden=\"true\">\n<title id='av-svg-title-1'>Scroller vers la prochaine section<\/title>\n<desc id='av-svg-desc-1'>Scroller vers la prochaine section<\/desc>\n<path d=\"M12.96 12.16q0.704-0.832 1.536 0 0.832 0.704 0 1.536l-6.272 6.144q-0.704 0.704-1.536 0l-6.272-6.144q-0.832-0.832 0-1.536 0.768-0.768 1.6 0l5.44 4.992z\"><\/path>\n<\/svg><\/a><div  class='avia-slideshow av-ltc709id-46572e0e10cf8ec3370650ba2543bdc0 avia-slideshow-extra_large av_fullscreen avia-fade-slider av-slideshow-ui av-control-hidden av-no-slider-navigation av-hide-nav-arrows av-slideshow-autoplay av-loop-endless av-loop-manual-endless av-slider-scroll-down-active av-default-height-applied   avia-slideshow-1' data-slideshow-options=\"{&quot;animation&quot;:&quot;fade&quot;,&quot;autoplay&quot;:true,&quot;loop_autoplay&quot;:&quot;endless&quot;,&quot;interval&quot;:5,&quot;loop_manual&quot;:&quot;manual-endless&quot;,&quot;autoplay_stopper&quot;:false,&quot;noNavigation&quot;:true,&quot;bg_slider&quot;:true,&quot;keep_padding&quot;:false,&quot;hoverpause&quot;:false,&quot;show_slide_delay&quot;:0,&quot;slide_height&quot;:&quot;100&quot;,&quot;image_attachment&quot;:&quot;&quot;}\"  itemprop=\"image\" itemscope=\"itemscope\" itemtype=\"https:\/\/schema.org\/ImageObject\" ><ul class='avia-slideshow-inner' style='padding-bottom: 66.666666666667%;'><li style='background-position:center center;' data-img-url='https:\/\/alensphotogallery.com\/wp-content\/uploads\/media\/headers\/Head13.jpg' class='avia-slideshow-slide av-ltc709id-46572e0e10cf8ec3370650ba2543bdc0__0  av-single-slide slide-1 slide-odd'><div data-rel='slideshow-1' class='avia-slide-wrap'   ><\/div><\/li><\/ul><div class='av-slideshow-caption av-ltc709id-46572e0e10cf8ec3370650ba2543bdc0__0 caption_fullwidth caption_bottom caption_bottom_framed caption_framed'><div class=\"container caption_container\"><div class=\"slideshow_caption\"><div class=\"slideshow_inner_caption\"><div class=\"slideshow_align_caption\"><h2 class='avia-caption-title'  itemprop=\"name\" >\u25ba \u00c9v\u00e9nements Triathlon \u25c4<\/h2><\/div><\/div><\/div><\/div><\/div><\/div><\/div>\n<div id='av_section_1'  class='avia-section av-c2bm60u-c3b6754a421d1076b48376473d6ce0c2 main_color avia-section-small avia-no-border-styling  avia-builder-el-1  el_after_av_fullscreen  el_before_av_section  av-small-hide av-mini-hide avia-bg-style-scroll container_wrap sidebar_right'  ><div class='container av-section-cont-open' ><div class='template-page content  av-content-small alpha units'><div class='post-entry post-entry-type-page post-entry-30631'><div class='entry-content-wrapper clearfix'>\n\n<style type=\"text\/css\" data-created_by=\"avia_inline_auto\" id=\"style-css-av-bvymuri-adb77d277d3876909c7bb383c5993836\">\n.flex_column.av-bvymuri-adb77d277d3876909c7bb383c5993836{\nborder-radius:0px 0px 0px 0px;\npadding:0px 0px 0px 0px;\n}\n<\/style>\n<div  class='flex_column av-bvymuri-adb77d277d3876909c7bb383c5993836 av_one_full  avia-builder-el-2  avia-builder-el-no-sibling  first no_margin flex_column_div av-animated-generic fade-in av-zero-column-padding'     ><\/div>\n\n<\/div><\/div><\/div><!-- close content main div --><\/div><\/div>\n<style type=\"text\/css\" data-created_by=\"avia_inline_auto\" id=\"style-css-av-aw4io0u-4819ee1d71881fffdc476d77d6e012a6\">\n.avia-section.av-aw4io0u-4819ee1d71881fffdc476d77d6e012a6{\nmargin-top:-30px;\nmargin-bottom:-10px;\n}\n<\/style>\n<div id='av_section_2'  class='avia-section av-aw4io0u-4819ee1d71881fffdc476d77d6e012a6 main_color avia-section-no-padding avia-no-border-styling  avia-builder-el-4  el_after_av_section  el_before_av_heading  av-desktop-hide av-medium-hide avia-bg-style-scroll container_wrap sidebar_right'  ><div class='container av-section-cont-open' ><div class='template-page content  av-content-small alpha units'><div class='post-entry post-entry-type-page post-entry-30631'><div class='entry-content-wrapper clearfix'>\n\n<style type=\"text\/css\" data-created_by=\"avia_inline_auto\" id=\"style-css-av-ah5iy2m-26cb2b6bb36feb3c89710f11587ae2a5\">\n.flex_column.av-ah5iy2m-26cb2b6bb36feb3c89710f11587ae2a5{\nborder-radius:0px 0px 0px 0px;\npadding:0px 0px 0px 0px;\n}\n<\/style>\n<div  class='flex_column av-ah5iy2m-26cb2b6bb36feb3c89710f11587ae2a5 av_one_full  avia-builder-el-5  avia-builder-el-no-sibling  first no_margin flex_column_div av-animated-generic fade-in av-zero-column-padding'     ><\/div>\n<\/div><\/div><\/div><!-- close content main div --><\/div><\/div><div id='after_section_2'  class='main_color av_default_container_wrap container_wrap sidebar_right'  ><div class='container av-section-cont-open' ><div class='template-page content  av-content-small alpha units'><div class='post-entry post-entry-type-page post-entry-30631'><div class='entry-content-wrapper clearfix'>\n\n<style type=\"text\/css\" data-created_by=\"avia_inline_auto\" id=\"style-css-av-ltqez1jk-696451ac158ce92982db578e8fbf08aa\">\nbody .av-special-heading.av-ltqez1jk-696451ac158ce92982db578e8fbf08aa .av-special-heading-tag .heading-char{\nfont-size:25px;\n}\n.av-special-heading.av-ltqez1jk-696451ac158ce92982db578e8fbf08aa .av-subheading{\nfont-size:15px;\n}\n<\/style>\n<div  class='av-special-heading av-ltqez1jk-696451ac158ce92982db578e8fbf08aa av-special-heading-h2 blockquote modern-quote  avia-builder-el-7  el_after_av_section  el_before_av_toggle_container  avia-builder-el-first'><h2 class='av-special-heading-tag'  itemprop=\"headline\"  >Sail Challenge<\/h2><div class=\"special-heading-border\"><div class=\"special-heading-inner-border\"><\/div><\/div><\/div>\n<div  class='togglecontainer av-ltc76qqn-0ecfca048fb5d481fc569c1ce652830a av-minimal-toggle  avia-builder-el-8  el_after_av_heading  el_before_av_section  avia-builder-el-last  toggle_close_all' >\n<section class='av_toggle_section av-ltc76i2d-1-ce821ad3e705822ea5bf8bb132445d61'  itemscope=\"itemscope\" itemtype=\"https:\/\/schema.org\/CreativeWork\" ><div role=\"tablist\" class=\"single_toggle\" data-tags=\"{Tout} \"  ><p id='toggle-toggle-id-1' data-fake-id='#toggle-id-1' class='toggler  av-title-above'  itemprop=\"headline\"  role='tab' tabindex='0' aria-controls='toggle-id-1' data-slide-speed=\"200\" data-title=\"(2025\/09\/06 - 2025\/09\/07)\" data-title-open=\"\" data-aria_collapsed=\"Cliquez pour \u00e9tendre : (2025\/09\/06 - 2025\/09\/07)\" data-aria_expanded=\"Cliquez pour r\u00e9duire : (2025\/09\/06 - 2025\/09\/07)\">(2025\/09\/06 - 2025\/09\/07)<span class=\"toggle_icon\"><span class=\"vert_icon\"><\/span><span class=\"hor_icon\"><\/span><\/span><\/p><div id='toggle-id-1' aria-labelledby='toggle-toggle-id-1' role='region' class='toggle_wrap  av-title-above'  ><div class='toggle_content invers-color'  itemprop=\"text\" ><div class=\"sgdg-gallery-container\" data-sgdg-hash=\"1b9b8ebc1a550db538afb4cd808122dd1edd36fac1c073b1f37d6e09f94d1ea8\"><div class=\"sgdg-loading\"><div><\/div><\/div><\/div>\n<\/div><\/div><\/div><\/section>\n<\/div>\n<\/div><\/div><\/div><!-- close content main div --><\/div><\/div><div id='av_section_3'  class='avia-section av-8n61jj2-716ea8311202123131e2a88b5975930f main_color avia-section-default avia-no-border-styling  avia-builder-el-9  el_after_av_toggle_container  el_before_av_section  avia-bg-style-scroll container_wrap sidebar_right'  ><div class='container av-section-cont-open' ><div class='template-page content  av-content-small alpha units'><div class='post-entry post-entry-type-page post-entry-30631'><div class='entry-content-wrapper clearfix'>\n\n<style type=\"text\/css\" data-created_by=\"avia_inline_auto\" id=\"style-css-av-7z5x04e-2b47b7644331cbf4f0c27307c8fe3f81\">\n.flex_column.av-7z5x04e-2b47b7644331cbf4f0c27307c8fe3f81{\nborder-radius:0px 0px 0px 0px;\npadding:0px 0px 0px 0px;\n}\n<\/style>\n<div  class='flex_column av-7z5x04e-2b47b7644331cbf4f0c27307c8fe3f81 av_one_full  avia-builder-el-10  avia-builder-el-no-sibling  first flex_column_div av-zero-column-padding'     ><style type=\"text\/css\" data-created_by=\"avia_inline_auto\" id=\"style-css-av-7fgnb5q-793867951fb371bef08829039e2d1d5d\">\n#top .av_textblock_section.av-7fgnb5q-793867951fb371bef08829039e2d1d5d .avia_textblock{\nfont-size:18px;\n}\n<\/style>\n<section  class='av_textblock_section av-7fgnb5q-793867951fb371bef08829039e2d1d5d'   itemscope=\"itemscope\" itemtype=\"https:\/\/schema.org\/CreativeWork\" ><div class='avia_textblock'  itemprop=\"text\" ><p style=\"text-align: center;\">\"En photographie, il y a une r\u00e9alit\u00e9 si subtile qu'elle devient plus r\u00e9elle que la r\u00e9alit\u00e9.\"<strong><em><br \/>\n\u2013 Alfred Stieglitz \u2013<\/em><\/strong><\/p>\n<\/div><\/section><\/div>\n\n<\/div><\/div><\/div><!-- close content main div --><\/div><\/div>\n<style type=\"text\/css\" data-created_by=\"avia_inline_auto\" id=\"style-css-av-768yq1q-7793489e50311816902ea21fb3c75ccf\">\n.avia-section.av-768yq1q-7793489e50311816902ea21fb3c75ccf .av-parallax .av-parallax-inner{\nbackground-repeat:no-repeat;\nbackground-image:url(https:\/\/alensphotogallery.com\/wp-content\/uploads\/media\/headers\/ContactUs-1500x600.jpg);\nbackground-position:50% 0%;\nbackground-attachment:scroll;\n}\n.avia-section.av-768yq1q-7793489e50311816902ea21fb3c75ccf .av-section-color-overlay{\nopacity:0.7;\nbackground-color:#000000;\n}\n<\/style>\n<div id='contactus'  class='avia-section av-768yq1q-7793489e50311816902ea21fb3c75ccf main_color avia-section-default avia-no-border-styling  avia-builder-el-12  el_after_av_section  el_before_av_two_third  av-parallax-section avia-bg-style-parallax av-section-color-overlay-active container_wrap sidebar_right'  data-section-bg-repeat='no-repeat'><div class='av-parallax' data-avia-parallax-ratio='0.3' ><div class='av-parallax-inner main_color avia-full-stretch'><\/div><\/div><div class=\"av-section-color-overlay-wrap\"><div class=\"av-section-color-overlay\"><\/div><div class='container av-section-cont-open' ><div class='template-page content  av-content-small alpha units'><div class='post-entry post-entry-type-page post-entry-30631'><div class='entry-content-wrapper clearfix'>\n\n<style type=\"text\/css\" data-created_by=\"avia_inline_auto\" id=\"style-css-av-6j8z726-976267b756506bfaf7cc628921576dff\">\n#top .av-special-heading.av-6j8z726-976267b756506bfaf7cc628921576dff{\npadding-bottom:10px;\nfont-size:60px;\n}\nbody .av-special-heading.av-6j8z726-976267b756506bfaf7cc628921576dff .av-special-heading-tag .heading-char{\nfont-size:25px;\n}\n#top #wrap_all .av-special-heading.av-6j8z726-976267b756506bfaf7cc628921576dff .av-special-heading-tag{\nfont-size:60px;\n}\n.av-special-heading.av-6j8z726-976267b756506bfaf7cc628921576dff .av-subheading{\nfont-size:15px;\n}\n\n@media only screen and (min-width: 480px) and (max-width: 767px){ \n#top #wrap_all .av-special-heading.av-6j8z726-976267b756506bfaf7cc628921576dff .av-special-heading-tag{\nfont-size:0.8em;\n}\n}\n\n@media only screen and (max-width: 479px){ \n#top #wrap_all .av-special-heading.av-6j8z726-976267b756506bfaf7cc628921576dff .av-special-heading-tag{\nfont-size:0.8em;\n}\n}\n<\/style>\n<div  class='av-special-heading av-6j8z726-976267b756506bfaf7cc628921576dff av-special-heading-h2 blockquote modern-quote modern-centered  avia-builder-el-13  avia-builder-el-no-sibling  av-thin-font av-inherit-size'><h2 class='av-special-heading-tag'  itemprop=\"headline\"  >Contacter <strong>Nous<\/strong> <\/h2><div class=\"special-heading-border\"><div class=\"special-heading-inner-border\"><\/div><\/div><\/div>\n<\/div><\/div><\/div><!-- close content main div --><\/div><\/div><\/div><div id='after_section_4'  class='main_color av_default_container_wrap container_wrap sidebar_right'  ><div class='container av-section-cont-open' ><div class='template-page content  av-content-small alpha units'><div class='post-entry post-entry-type-page post-entry-30631'><div class='entry-content-wrapper clearfix'>\n\n<style type=\"text\/css\" data-created_by=\"avia_inline_auto\" id=\"style-css-av-62qdl7i-9061e8e69f4e5425d8e0cbc68e368ddd\">\n.flex_column.av-62qdl7i-9061e8e69f4e5425d8e0cbc68e368ddd{\nborder-radius:0px 0px 0px 0px;\npadding:0px 0px 0px 0px;\n}\n<\/style>\n<div  class='flex_column av-62qdl7i-9061e8e69f4e5425d8e0cbc68e368ddd av_two_third  avia-builder-el-14  el_after_av_section  el_before_av_one_third  avia-builder-el-first  first flex_column_div av-zero-column-padding'     ><form action=\"https:\/\/alensphotogallery.com\/fr\/events\/triathlon\/\" method=\"post\" data-fields-with-error=\"Erreurs trouv\u00e9es dans les champs suivants :\" class=\"avia_ajax_form av-form-labels-visible   avia-builder-el-15  avia-builder-el-no-sibling\" data-avia-form-id=\"1\" data-avia-redirect='' data-trp-original-action=\"https:\/\/alensphotogallery.com\/fr\/events\/triathlon\/\" ><fieldset><p class='first_form  form_element form_fullwidth' id='element_avia_1_1'><label for=\"avia_1_1\">Votre nom complet <abbr class=\"required\" title=\"requis(e)\">*<\/abbr><\/label> <input name=\"avia_1_1\" class=\"text_input is_empty\" type=\"text\" id=\"avia_1_1\" value=\"\" \/><\/p><p class='first_form  form_element form_element_half' id='element_avia_2_1'><label for=\"avia_2_1\">Votre courriel <abbr class=\"required\" title=\"requis(e)\">*<\/abbr><\/label> <input name=\"avia_2_1\" class=\"text_input is_email\" type=\"text\" id=\"avia_2_1\" value=\"\" \/><\/p><p class='form_element form_element_half' id='element_avia_3_1'><label for=\"avia_3_1\">T\u00e9l\u00e9phone <abbr class=\"required\" title=\"requis(e)\">*<\/abbr><\/label> <input name=\"avia_3_1\" class=\"text_input is_phone\" type=\"text\" id=\"avia_3_1\" value=\"\" \/><\/p><p class='first_form  form_element form_fullwidth' id='element_avia_4_1'><label for=\"avia_4_1\" class=\"textare_label hidden textare_label_avia_4_1\">Votre message <abbr class=\"required\" title=\"requis(e)\">*<\/abbr><\/label><textarea  name=\"avia_4_1\" class=\"text_area is_empty\" cols=\"40\" rows=\"7\" id=\"avia_4_1\" ><\/textarea><\/p><p class=\"hidden\"><input type=\"text\" name=\"avia_5_1\" class=\"hidden\" id=\"avia_5_1\" value=\"\" \/><\/p><div id='avia_6_1' class='av-recaptcha-area  first_form  form_element form_fullwidth'  data-container_class=\"\" data-custom_class=\"\" data-context=\"av_contact_form\" data-token_input=\"av_recaptcha_token\" data-version=\"avia_recaptcha_v2\" data-theme=\"dark\" data-size=\"normal\" data-score=\"0.5\" data-text_to_preview=\"\" data-value=\"\"><div class=\"av-google-badge-message hidden\">Ce site est prot\u00e9g\u00e9 par reCAPTCHA et la <a href=\"https:\/\/policies.google.com\/privacy\">politique de confidentialit\u00e9<\/a> de Google et <a href=\"https:\/\/policies.google.com\/terms\">leur conditions d\u2019utilisation<\/a> s\u2019appliquent.<\/div><\/div><p class=\"form_element\"><input type=\"hidden\" value=\"1\" name=\"avia_generated_form1\" \/><input type=\"submit\" value=\"Soumettre\" class=\"button\"  data-sending-label=\"Envoi\"\/><\/p><\/fieldset><div class=\"avia-disabled-form\">Ce formulaire est d\u00e9sactiv\u00e9 dans la mesure o\u00f9 vous refusez d\u2019accepter le service Google reCAPTCHA n\u00e9cessaire pour valider toute exp\u00e9dition de message depuis celui-ci.<\/div><input type=\"hidden\" name=\"trp-form-language\" value=\"fr\"\/><\/form><div id=\"ajaxresponse_1\" class=\"ajaxresponse ajaxresponse_1 hidden\"><\/div><\/div>\n\n<style type=\"text\/css\" data-created_by=\"avia_inline_auto\" id=\"style-css-av-3elxyzi-3e0fbcf8da126305af7b058e9168a263\">\n.flex_column.av-3elxyzi-3e0fbcf8da126305af7b058e9168a263{\nborder-radius:0px 0px 0px 0px;\npadding:0px 0px 0px 0px;\n}\n<\/style>\n<div  class='flex_column av-3elxyzi-3e0fbcf8da126305af7b058e9168a263 av_one_third  avia-builder-el-16  el_after_av_two_third  avia-builder-el-last  flex_column_div av-zero-column-padding'     ><p>\n<style type=\"text\/css\" data-created_by=\"avia_inline_auto\" id=\"style-css-av-31q9l26-6c4802e27933e90db56022c2ff0a2312\">\n#top .hr.hr-invisible.av-31q9l26-6c4802e27933e90db56022c2ff0a2312{\nheight:30px;\n}\n<\/style>\n<div  class='hr av-31q9l26-6c4802e27933e90db56022c2ff0a2312 hr-invisible  avia-builder-el-17  el_before_av_icon_box  avia-builder-el-first'><span class='hr-inner'><span class=\"hr-inner-style\"><\/span><\/span><\/div><br \/>\n<article  class='iconbox iconbox_left_content av-2mp8zni-d5593b5096832175b7042f042cb0295f av-icon-style-no-border  avia-builder-el-18  el_after_av_hr  el_before_av_heading'  itemscope=\"itemscope\" itemtype=\"https:\/\/schema.org\/CreativeWork\" ><div class='iconbox_icon heading-color avia-iconfont avia-font-entypo-fontello' data-av_icon='\ue821' data-av_iconfont='entypo-fontello'  ><\/div><div class=\"iconbox_content\"><header class=\"entry-content-header\" aria-label=\"Ic\u00f4ne : Alen\u2019s Photo Gallery\"><h3 class='iconbox_content_title'  itemprop=\"headline\" >Alen\u2019s Photo Gallery<\/h3><\/header><div class='iconbox_content_container'  itemprop=\"text\" ><p>La Grande R\u00e9gion de Montr\u00e9al<br \/>\n(CANADA)<br \/>\n\n<style type=\"text\/css\" data-created_by=\"avia_inline_auto\" id=\"style-css-av-2483im6-7a9eb2392344732c0786298178f6da54\">\n.av_font_icon.av-2483im6-7a9eb2392344732c0786298178f6da54 .av-icon-char{\nfont-size:18px;\nline-height:18px;\n}\n<\/style>\n<span  class='av_font_icon av-2483im6-7a9eb2392344732c0786298178f6da54 avia_animate_when_visible av-icon-style- avia-icon-pos-left avia-iconfont avia-font-entypo-fontello av-no-color avia-icon-animate'><span class='av-icon-char' data-av_icon='\ue854' data-av_iconfont='entypo-fontello' aria-hidden=\"true\" data-avia-icon-tooltip=\"Telephone\"><\/span><\/span><a href=\"tel:+15142416655\"><strong>514.241.6655<\/strong><\/a><br \/>\n\n<style type=\"text\/css\" data-created_by=\"avia_inline_auto\" id=\"style-css-av-5ygzjy-6b3bc1b1ce615d65e0a7555917d53d88\">\n.av_font_icon.av-5ygzjy-6b3bc1b1ce615d65e0a7555917d53d88 .av-icon-char{\nfont-size:18px;\nline-height:18px;\n}\n<\/style>\n<span  class='av_font_icon av-5ygzjy-6b3bc1b1ce615d65e0a7555917d53d88 avia_animate_when_visible av-icon-style- avia-icon-pos-left avia-iconfont avia-font-entypo-fontello av-no-color avia-icon-animate'><span class='av-icon-char' data-av_icon='\ue805' data-av_iconfont='entypo-fontello' aria-hidden=\"true\" data-avia-icon-tooltip=\"&lt;br \/&gt;Email\"><\/span><\/span><a href=\"mailto:info@alensphotogallery.com\"><strong>info@alensphotogallery.com<\/strong><\/a><\/p>\n<\/div><\/div><footer class=\"entry-footer\"><\/footer><\/article><br \/>\n\n<style type=\"text\/css\" data-created_by=\"avia_inline_auto\" id=\"style-css-av-1b3tlsu-f3e6a0c9c03c7f8fbbe9e9f4d26277ad\">\n#top .av-special-heading.av-1b3tlsu-f3e6a0c9c03c7f8fbbe9e9f4d26277ad{\nmargin:25px 0 10px 0;\npadding-bottom:0;\n}\nbody .av-special-heading.av-1b3tlsu-f3e6a0c9c03c7f8fbbe9e9f4d26277ad .av-special-heading-tag .heading-char{\nfont-size:25px;\n}\n.av-special-heading.av-1b3tlsu-f3e6a0c9c03c7f8fbbe9e9f4d26277ad .av-subheading{\nfont-size:15px;\n}\n<\/style>\n<div  class='av-special-heading av-1b3tlsu-f3e6a0c9c03c7f8fbbe9e9f4d26277ad av-special-heading-h3  avia-builder-el-21  el_after_av_icon_box  el_before_av_social_share'><h3 class='av-special-heading-tag'  itemprop=\"headline\"  >Partager<\/h3><div class=\"special-heading-border\"><div class=\"special-heading-inner-border\"><\/div><\/div><\/div><br \/>\n<div  class='av-social-sharing-box av-v41any-90cbab22e192763bdc3baa7ea9a66efd av-social-sharing-box-default  avia-builder-el-22  el_after_av_heading  avia-builder-el-last  av-social-sharing-box-fullwidth'><div class=\"av-share-box\"><ul class=\"av-share-box-list noLightbox\"><li class='av-share-link av-social-link-facebook avia_social_iconfont' ><a target=\"_blank\" aria-label=\"Partager sur Facebook\" href='https:\/\/www.facebook.com\/sharer.php?u=https:\/\/alensphotogallery.com\/fr\/events\/triathlon\/&#038;t=Triathlon' data-av_icon='\ue8f3' data-av_iconfont='entypo-fontello'  title='' data-avia-related-tooltip='Partager sur Facebook'><span class='avia_hidden_link_text'>Partager sur Facebook<\/span><\/a><\/li><li class='av-share-link av-social-link-twitter avia_social_iconfont' ><a target=\"_blank\" aria-label=\"Partager sur X\" href='https:\/\/twitter.com\/share?text=Triathlon&#038;url=https:\/\/alensphotogallery.com\/fr\/?p=30631' data-av_icon='\ue932' data-av_iconfont='entypo-fontello'  title='' data-avia-related-tooltip='Partager sur X'><span class='avia_hidden_link_text'>Partager sur X<\/span><\/a><\/li><li class='av-share-link av-social-link-whatsapp avia_social_iconfont' ><a target=\"_blank\" aria-label=\"Partager sur WhatsApp\" href='https:\/\/api.whatsapp.com\/send?text=https:\/\/alensphotogallery.com\/fr\/events\/triathlon\/' data-av_icon='\uf232' data-av_iconfont='entypo-fontello'  title='' data-avia-related-tooltip='Partager sur WhatsApp'><span class='avia_hidden_link_text'>Partager sur WhatsApp<\/span><\/a><\/li><li class='av-share-link av-social-link-linkedin avia_social_iconfont' ><a target=\"_blank\" aria-label=\"Partager sur LinkedIn\" href='https:\/\/linkedin.com\/shareArticle?mini=true&#038;title=Triathlon&#038;url=https:\/\/alensphotogallery.com\/fr\/events\/triathlon\/' data-av_icon='\ue8fc' data-av_iconfont='entypo-fontello'  title='' data-avia-related-tooltip='Partager sur LinkedIn'><span class='avia_hidden_link_text'>Partager sur LinkedIn<\/span><\/a><\/li><li class='av-share-link av-social-link-mail avia_social_iconfont' ><a  aria-label=\"Partager par Mail\" href='mailto:?subject=Triathlon&#038;body=https:\/\/alensphotogallery.com\/fr\/events\/triathlon\/' data-av_icon='\ue805' data-av_iconfont='entypo-fontello'  title='' data-avia-related-tooltip='Partager par Mail'><span class='avia_hidden_link_text'>Partager par Mail<\/span><\/a><\/li><\/ul><\/div><\/div><\/p><\/div>","protected":false},"excerpt":{"rendered":"","protected":false},"author":1,"featured_media":0,"parent":30391,"menu_order":0,"comment_status":"closed","ping_status":"closed","template":"","meta":{"footnotes":""},"class_list":["post-30631","page","type-page","status-publish","hentry"],"aioseo_notices":[],"_links":{"self":[{"href":"https:\/\/alensphotogallery.com\/fr\/wp-json\/wp\/v2\/pages\/30631","targetHints":{"allow":["GET"]}}],"collection":[{"href":"https:\/\/alensphotogallery.com\/fr\/wp-json\/wp\/v2\/pages"}],"about":[{"href":"https:\/\/alensphotogallery.com\/fr\/wp-json\/wp\/v2\/types\/page"}],"author":[{"embeddable":true,"href":"https:\/\/alensphotogallery.com\/fr\/wp-json\/wp\/v2\/users\/1"}],"replies":[{"embeddable":true,"href":"https:\/\/alensphotogallery.com\/fr\/wp-json\/wp\/v2\/comments?post=30631"}],"version-history":[{"count":4,"href":"https:\/\/alensphotogallery.com\/fr\/wp-json\/wp\/v2\/pages\/30631\/revisions"}],"predecessor-version":[{"id":30648,"href":"https:\/\/alensphotogallery.com\/fr\/wp-json\/wp\/v2\/pages\/30631\/revisions\/30648"}],"up":[{"embeddable":true,"href":"https:\/\/alensphotogallery.com\/fr\/wp-json\/wp\/v2\/pages\/30391"}],"wp:attachment":[{"href":"https:\/\/alensphotogallery.com\/fr\/wp-json\/wp\/v2\/media?parent=30631"}],"curies":[{"name":"wp","href":"https:\/\/api.w.org\/{rel}","templated":true}]}}