{"id":738,"date":"2021-03-28T22:38:04","date_gmt":"2021-03-28T22:38:04","guid":{"rendered":"https:\/\/alensphotogallery.com\/?page_id=738"},"modified":"2025-04-27T12:37:40","modified_gmt":"2025-04-27T17:37:40","slug":"animals","status":"publish","type":"page","link":"https:\/\/alensphotogallery.com\/fr\/gallery\/animals\/","title":{"rendered":"Animaux"},"content":{"rendered":"<div   class='avia-fullscreen-slider main_color   avia-builder-el-0  el_before_av_section  avia-builder-el-first  container_wrap sidebar_right'  >\n<style type=\"text\/css\" data-created_by=\"avia_inline_auto\" id=\"style-css-av-kmtqb8qa-643437cc4db78eefcdf8c0370db2726c\">\n#top #wrap_all .avia-slideshow .av-slideshow-caption.av-kmtqb8qa-643437cc4db78eefcdf8c0370db2726c__0 .avia-caption-title{\nfont-size:60px;\n}\n<\/style>\n<a href='#next-section' title='' class='scroll-down-link av-control-hidden avia-svg-icon avia-font-svg_entypo-fontello' data-av_svg_icon='down-open-mini' data-av_iconset='svg_entypo-fontello'><svg version=\"1.1\" xmlns=\"http:\/\/www.w3.org\/2000\/svg\" width=\"15\" height=\"32\" viewbox=\"0 0 15 32\" preserveaspectratio=\"xMidYMid meet\" aria-labelledby='av-svg-title-1' aria-describedby='av-svg-desc-1' role=\"graphics-symbol\" aria-hidden=\"true\">\n<title id='av-svg-title-1'>Scroller vers la prochaine section<\/title>\n<desc id='av-svg-desc-1'>Scroller vers la prochaine section<\/desc>\n<path d=\"M12.96 12.16q0.704-0.832 1.536 0 0.832 0.704 0 1.536l-6.272 6.144q-0.704 0.704-1.536 0l-6.272-6.144q-0.832-0.832 0-1.536 0.768-0.768 1.6 0l5.44 4.992z\"><\/path>\n<\/svg><\/a><div  class='avia-slideshow av-kmtqb8qa-643437cc4db78eefcdf8c0370db2726c avia-slideshow-extra_large av_fullscreen avia-fade-slider av-slideshow-ui av-control-hidden av-no-slider-navigation av-hide-nav-arrows av-slideshow-autoplay av-loop-endless av-loop-manual-endless av-slider-scroll-down-active av-default-height-applied   avia-slideshow-1' data-slideshow-options=\"{&quot;animation&quot;:&quot;fade&quot;,&quot;autoplay&quot;:true,&quot;loop_autoplay&quot;:&quot;endless&quot;,&quot;interval&quot;:5,&quot;loop_manual&quot;:&quot;manual-endless&quot;,&quot;autoplay_stopper&quot;:false,&quot;noNavigation&quot;:true,&quot;bg_slider&quot;:true,&quot;keep_padding&quot;:false,&quot;hoverpause&quot;:false,&quot;show_slide_delay&quot;:0,&quot;slide_height&quot;:&quot;100&quot;,&quot;image_attachment&quot;:&quot;&quot;}\"  itemprop=\"image\" itemscope=\"itemscope\" itemtype=\"https:\/\/schema.org\/ImageObject\" ><ul class='avia-slideshow-inner' style='padding-bottom: 66.43598615917%;'><li style='background-position:center center;' data-img-url='https:\/\/alensphotogallery.com\/wp-content\/uploads\/media\/headers\/Head4.jpg' class='avia-slideshow-slide av-kmtqb8qa-643437cc4db78eefcdf8c0370db2726c__0  av-single-slide slide-1 slide-odd'><div data-rel='slideshow-1' class='avia-slide-wrap'   ><\/div><\/li><\/ul><div class='av-slideshow-caption av-kmtqb8qa-643437cc4db78eefcdf8c0370db2726c__0 caption_fullwidth caption_bottom caption_bottom_framed caption_framed'><div class=\"container caption_container\"><div class=\"slideshow_caption\"><div class=\"slideshow_inner_caption\"><div class=\"slideshow_align_caption\"><h2 class='avia-caption-title'  itemprop=\"name\" >\u25ba Animaux \u25c4<\/h2><\/div><\/div><\/div><\/div><\/div><\/div><\/div>\n<div id='av_section_1'  class='avia-section av-dnb6-faf9dc531dbd5f521811381b2d014c26 main_color avia-section-small avia-no-border-styling  avia-builder-el-1  el_after_av_fullscreen  el_before_av_section  av-small-hide av-mini-hide avia-bg-style-scroll container_wrap sidebar_right'  ><div class='container av-section-cont-open' ><div class='template-page content  av-content-small alpha units'><div class='post-entry post-entry-type-page post-entry-738'><div class='entry-content-wrapper clearfix'>\n\n<style type=\"text\/css\" data-created_by=\"avia_inline_auto\" id=\"style-css-av-zlmoq-1652556ca55af20a5d95fd518506d4bb\">\n.flex_column.av-zlmoq-1652556ca55af20a5d95fd518506d4bb{\nborder-radius:0px 0px 0px 0px;\npadding:0px 0px 0px 0px;\n}\n<\/style>\n<div  class='flex_column av-zlmoq-1652556ca55af20a5d95fd518506d4bb av_one_full  avia-builder-el-2  avia-builder-el-no-sibling  first no_margin flex_column_div av-animated-generic fade-in av-zero-column-padding'     ><\/div>\n\n<\/div><\/div><\/div><!-- close content main div --><\/div><\/div>\n<style type=\"text\/css\" data-created_by=\"avia_inline_auto\" id=\"style-css-av-k270y-6289246154d44214e422afcc48068fd4\">\n.avia-section.av-k270y-6289246154d44214e422afcc48068fd4{\nmargin-top:-30px;\nmargin-bottom:-10px;\n}\n<\/style>\n<div id='av_section_2'  class='avia-section av-k270y-6289246154d44214e422afcc48068fd4 main_color avia-section-no-padding avia-no-border-styling  avia-builder-el-4  el_after_av_section  el_before_av_section  av-desktop-hide av-medium-hide avia-bg-style-scroll container_wrap sidebar_right'  ><div class='container av-section-cont-open' ><div class='template-page content  av-content-small alpha units'><div class='post-entry post-entry-type-page post-entry-738'><div class='entry-content-wrapper clearfix'>\n\n<style type=\"text\/css\" data-created_by=\"avia_inline_auto\" id=\"style-css-av-e6vru-a41e64ca69df74632f8f0791f335417c\">\n.flex_column.av-e6vru-a41e64ca69df74632f8f0791f335417c{\nborder-radius:0px 0px 0px 0px;\npadding:0px 0px 0px 0px;\n}\n<\/style>\n<div  class='flex_column av-e6vru-a41e64ca69df74632f8f0791f335417c av_one_full  avia-builder-el-5  avia-builder-el-no-sibling  first no_margin flex_column_div av-animated-generic fade-in av-zero-column-padding'     ><\/div>\n\n<\/div><\/div><\/div><!-- close content main div --><\/div><\/div>\n<style type=\"text\/css\" data-created_by=\"avia_inline_auto\" id=\"style-css-av-o8he-f6e0f8994cf3993427f6167833584bd5\">\n.avia-section.av-o8he-f6e0f8994cf3993427f6167833584bd5{\nmargin-top:0px;\nmargin-bottom:0px;\n}\n.avia-section.av-o8he-f6e0f8994cf3993427f6167833584bd5 .av-section-color-overlay{\nopacity:0.1;\nbackground-color:#606060;\n}\n<\/style>\n<div id='av_section_3'  class='avia-section av-o8he-f6e0f8994cf3993427f6167833584bd5 main_color avia-section-no-padding avia-no-border-styling  avia-builder-el-7  el_after_av_section  el_before_av_section  avia-bg-style-parallax av-section-color-overlay-active container_wrap sidebar_right'  ><div class=\"av-section-color-overlay-wrap\"><div class=\"av-section-color-overlay\"><\/div><div class='container av-section-cont-open' ><div class='template-page content  av-content-small alpha units'><div class='post-entry post-entry-type-page post-entry-738'><div class='entry-content-wrapper clearfix'>\n\n<\/div><\/div><\/div><!-- close content main div --><\/div><\/div><\/div><div id='av_section_4'  class='avia-section av-neb3m-5dad63e406a1a4269b59a056ccc8f38e main_color avia-section-default avia-no-border-styling  avia-builder-el-9  el_after_av_section  el_before_av_section  avia-bg-style-scroll container_wrap sidebar_right'  ><div class='container av-section-cont-open' ><div class='template-page content  av-content-small alpha units'><div class='post-entry post-entry-type-page post-entry-738'><div class='entry-content-wrapper clearfix'>\n\n<style type=\"text\/css\" data-created_by=\"avia_inline_auto\" id=\"style-css-av-e2zca-d8d7a23608b9b8629adf89cd171b0943\">\n.flex_column.av-e2zca-d8d7a23608b9b8629adf89cd171b0943{\nborder-radius:0px 0px 0px 0px;\npadding:0px 0px 0px 0px;\n}\n<\/style>\n<div  class='flex_column av-e2zca-d8d7a23608b9b8629adf89cd171b0943 av_one_full  avia-builder-el-10  avia-builder-el-no-sibling  first flex_column_div av-zero-column-padding'     ><style type=\"text\/css\" data-created_by=\"avia_inline_auto\" id=\"style-css-av-109cq-055d7e027183a38b66687e6d898bec3b\">\n#top .av_textblock_section.av-109cq-055d7e027183a38b66687e6d898bec3b .avia_textblock{\nfont-size:18px;\n}\n<\/style>\n<section  class='av_textblock_section av-109cq-055d7e027183a38b66687e6d898bec3b'   itemscope=\"itemscope\" itemtype=\"https:\/\/schema.org\/CreativeWork\" ><div class='avia_textblock'  itemprop=\"text\" ><p style=\"text-align: center;\">\"En photographie, il y a une r\u00e9alit\u00e9 si subtile qu'elle devient plus r\u00e9elle que la r\u00e9alit\u00e9.\"<strong><em><br \/>\n\u2013 Alfred Stieglitz \u2013<\/em><\/strong><\/p>\n<\/div><\/section><\/div>\n<\/p>\n<\/div><\/div><\/div><!-- close content main div --><\/div><\/div>\n<style type=\"text\/css\" data-created_by=\"avia_inline_auto\" id=\"style-css-av-ebeky-e048f68d4ab2b2ddd30b75f788b1e6b3\">\n.avia-section.av-ebeky-e048f68d4ab2b2ddd30b75f788b1e6b3 .av-parallax .av-parallax-inner{\nbackground-repeat:no-repeat;\nbackground-image:url(https:\/\/alensphotogallery.com\/wp-content\/uploads\/media\/headers\/ContactUs-1500x600.jpg);\nbackground-position:50% 0%;\nbackground-attachment:scroll;\n}\n.avia-section.av-ebeky-e048f68d4ab2b2ddd30b75f788b1e6b3 .av-section-color-overlay{\nopacity:0.7;\nbackground-color:#000000;\n}\n<\/style>\n<div id='contactus'  class='avia-section av-ebeky-e048f68d4ab2b2ddd30b75f788b1e6b3 main_color avia-section-default avia-no-border-styling  avia-builder-el-12  el_after_av_section  el_before_av_two_third  av-parallax-section avia-bg-style-parallax av-section-color-overlay-active container_wrap sidebar_right'  data-section-bg-repeat='no-repeat'><div class='av-parallax' data-avia-parallax-ratio='0.3' ><div class='av-parallax-inner main_color avia-full-stretch'><\/div><\/div><div class=\"av-section-color-overlay-wrap\"><div class=\"av-section-color-overlay\"><\/div><div class='container av-section-cont-open' ><div class='template-page content  av-content-small alpha units'><div class='post-entry post-entry-type-page post-entry-738'><div class='entry-content-wrapper clearfix'>\n\n<style type=\"text\/css\" data-created_by=\"avia_inline_auto\" id=\"style-css-av-ax0pu-114ac16570acc3ce9c5d7e2ff4b93bc4\">\n#top .av-special-heading.av-ax0pu-114ac16570acc3ce9c5d7e2ff4b93bc4{\npadding-bottom:10px;\nfont-size:60px;\n}\nbody .av-special-heading.av-ax0pu-114ac16570acc3ce9c5d7e2ff4b93bc4 .av-special-heading-tag .heading-char{\nfont-size:25px;\n}\n#top #wrap_all .av-special-heading.av-ax0pu-114ac16570acc3ce9c5d7e2ff4b93bc4 .av-special-heading-tag{\nfont-size:60px;\n}\n.av-special-heading.av-ax0pu-114ac16570acc3ce9c5d7e2ff4b93bc4 .av-subheading{\nfont-size:15px;\n}\n\n@media only screen and (min-width: 480px) and (max-width: 767px){ \n#top #wrap_all .av-special-heading.av-ax0pu-114ac16570acc3ce9c5d7e2ff4b93bc4 .av-special-heading-tag{\nfont-size:0.8em;\n}\n}\n\n@media only screen and (max-width: 479px){ \n#top #wrap_all .av-special-heading.av-ax0pu-114ac16570acc3ce9c5d7e2ff4b93bc4 .av-special-heading-tag{\nfont-size:0.8em;\n}\n}\n<\/style>\n<div  id=\"contactus\"  class='av-special-heading av-ax0pu-114ac16570acc3ce9c5d7e2ff4b93bc4 av-special-heading-h2 blockquote modern-quote modern-centered  avia-builder-el-13  avia-builder-el-no-sibling  av-thin-font av-inherit-size'><h2 class='av-special-heading-tag'  itemprop=\"headline\"  >Contacter <strong>Nous<\/strong> <\/h2><div class=\"special-heading-border\"><div class=\"special-heading-inner-border\"><\/div><\/div><\/div>\n<\/div><\/div><\/div><!-- close content main div --><\/div><\/div><\/div><div id='after_section_5'  class='main_color av_default_container_wrap container_wrap sidebar_right'  ><div class='container av-section-cont-open' ><div class='template-page content  av-content-small alpha units'><div class='post-entry post-entry-type-page post-entry-738'><div class='entry-content-wrapper clearfix'>\n\n<style type=\"text\/css\" data-created_by=\"avia_inline_auto\" id=\"style-css-av-29n92i-40f1cec52d1c3fe885cab426d8c4d0d0\">\n.flex_column.av-29n92i-40f1cec52d1c3fe885cab426d8c4d0d0{\nborder-radius:0px 0px 0px 0px;\npadding:0px 0px 0px 0px;\n}\n<\/style>\n<div  class='flex_column av-29n92i-40f1cec52d1c3fe885cab426d8c4d0d0 av_two_third  avia-builder-el-14  el_after_av_section  el_before_av_one_third  avia-builder-el-first  first flex_column_div av-zero-column-padding'     ><form action=\"https:\/\/alensphotogallery.com\/fr\/gallery\/animals\/\" method=\"post\" data-fields-with-error=\"Erreurs trouv\u00e9es dans les champs suivants :\" class=\"avia_ajax_form av-form-labels-visible   avia-builder-el-15  avia-builder-el-no-sibling\" data-avia-form-id=\"1\" data-avia-redirect='' data-trp-original-action=\"https:\/\/alensphotogallery.com\/fr\/gallery\/animals\/\" ><fieldset><p class='first_form  form_element form_fullwidth' id='element_avia_1_1'><label for=\"avia_1_1\">Votre nom complet <abbr class=\"required\" title=\"requis(e)\">*<\/abbr><\/label> <input name=\"avia_1_1\" class=\"text_input is_empty\" type=\"text\" id=\"avia_1_1\" value=\"\" \/><\/p><p class='first_form  form_element form_element_half' id='element_avia_2_1'><label for=\"avia_2_1\">Votre courriel <abbr class=\"required\" title=\"requis(e)\">*<\/abbr><\/label> <input name=\"avia_2_1\" class=\"text_input is_email\" type=\"text\" id=\"avia_2_1\" value=\"\" \/><\/p><p class='form_element form_element_half' id='element_avia_3_1'><label for=\"avia_3_1\">T\u00e9l\u00e9phone <abbr class=\"required\" title=\"requis(e)\">*<\/abbr><\/label> <input name=\"avia_3_1\" class=\"text_input is_phone\" type=\"text\" id=\"avia_3_1\" value=\"\" \/><\/p><p class='first_form  form_element form_fullwidth' id='element_avia_4_1'><label for=\"avia_4_1\" class=\"textare_label hidden textare_label_avia_4_1\">Votre message <abbr class=\"required\" title=\"requis(e)\">*<\/abbr><\/label><textarea  name=\"avia_4_1\" class=\"text_area is_empty\" cols=\"40\" rows=\"7\" id=\"avia_4_1\" ><\/textarea><\/p><p class=\"hidden\"><input type=\"text\" name=\"avia_5_1\" class=\"hidden\" id=\"avia_5_1\" value=\"\" \/><\/p><div id='avia_6_1' class='av-recaptcha-area  first_form  form_element form_fullwidth'  data-container_class=\"\" data-custom_class=\"\" data-context=\"av_contact_form\" data-token_input=\"av_recaptcha_token\" data-version=\"avia_recaptcha_v2\" data-theme=\"dark\" data-size=\"normal\" data-score=\"0.5\" data-text_to_preview=\"\" data-value=\"\"><div class=\"av-google-badge-message hidden\">Ce site est prot\u00e9g\u00e9 par reCAPTCHA et la <a href=\"https:\/\/policies.google.com\/privacy\">politique de confidentialit\u00e9<\/a> de Google et <a href=\"https:\/\/policies.google.com\/terms\">leur conditions d\u2019utilisation<\/a> s\u2019appliquent.<\/div><\/div><p class=\"form_element\"><input type=\"hidden\" value=\"1\" name=\"avia_generated_form1\" \/><input type=\"submit\" value=\"Soumettre\" class=\"button\"  data-sending-label=\"Envoi\"\/><\/p><\/fieldset><div class=\"avia-disabled-form\">Ce formulaire est d\u00e9sactiv\u00e9 dans la mesure o\u00f9 vous refusez d\u2019accepter le service Google reCAPTCHA n\u00e9cessaire pour valider toute exp\u00e9dition de message depuis celui-ci.<\/div><input type=\"hidden\" name=\"trp-form-language\" value=\"fr\"\/><\/form><div id=\"ajaxresponse_1\" class=\"ajaxresponse ajaxresponse_1 hidden\"><\/div><\/div>\n\n<style type=\"text\/css\" data-created_by=\"avia_inline_auto\" id=\"style-css-av-195wz6-98e8a8bbfbb7ccfd1f39ee2970dfea27\">\n.flex_column.av-195wz6-98e8a8bbfbb7ccfd1f39ee2970dfea27{\nborder-radius:0px 0px 0px 0px;\npadding:0px 0px 0px 0px;\n}\n<\/style>\n<div  class='flex_column av-195wz6-98e8a8bbfbb7ccfd1f39ee2970dfea27 av_one_third  avia-builder-el-16  el_after_av_two_third  avia-builder-el-last  flex_column_div av-zero-column-padding'     ><p>\n<style type=\"text\/css\" data-created_by=\"avia_inline_auto\" id=\"style-css-av-13pne2-e188ca9bcd0146f94ae2ee06e9d651d4\">\n#top .hr.hr-invisible.av-13pne2-e188ca9bcd0146f94ae2ee06e9d651d4{\nheight:30px;\n}\n<\/style>\n<div  class='hr av-13pne2-e188ca9bcd0146f94ae2ee06e9d651d4 hr-invisible  avia-builder-el-17  el_before_av_icon_box  avia-builder-el-first'><span class='hr-inner'><span class=\"hr-inner-style\"><\/span><\/span><\/div><br \/>\n<article  class='iconbox iconbox_left_content av-yj776-885e23dcde6dfb1f48caf0b1c478e650 av-icon-style-no-border  avia-builder-el-18  el_after_av_hr  el_before_av_heading'  itemscope=\"itemscope\" itemtype=\"https:\/\/schema.org\/CreativeWork\" ><div class='iconbox_icon heading-color avia-iconfont avia-font-entypo-fontello' data-av_icon='\ue821' data-av_iconfont='entypo-fontello'  ><\/div><div class=\"iconbox_content\"><header class=\"entry-content-header\" aria-label=\"Ic\u00f4ne : Alen\u2019s Photo Gallery\"><h3 class='iconbox_content_title'  itemprop=\"headline\" >Alen\u2019s Photo Gallery<\/h3><\/header><div class='iconbox_content_container'  itemprop=\"text\" ><p>La Grande R\u00e9gion de Montr\u00e9al<br \/>\n(CANADA)<br \/>\n\n<style type=\"text\/css\" data-created_by=\"avia_inline_auto\" id=\"style-css-av-reomq-475ec46f0b5374c5513dc0cfe25808c5\">\n.av_font_icon.av-reomq-475ec46f0b5374c5513dc0cfe25808c5 .av-icon-char{\nfont-size:18px;\nline-height:18px;\n}\n<\/style>\n<span  class='av_font_icon av-reomq-475ec46f0b5374c5513dc0cfe25808c5 avia_animate_when_visible av-icon-style- avia-icon-pos-left avia-iconfont avia-font-entypo-fontello av-no-color avia-icon-animate'><span class='av-icon-char' data-av_icon='\ue854' data-av_iconfont='entypo-fontello' aria-hidden=\"true\" data-avia-icon-tooltip=\"Telephone\"><\/span><\/span><a href=\"tel:+15142416655\"><strong>514.241.6655<\/strong><\/a><br \/>\n\n<style type=\"text\/css\" data-created_by=\"avia_inline_auto\" id=\"style-css-av-jzhsy-18ce82cf7a8fcc9c095162cba1415445\">\n.av_font_icon.av-jzhsy-18ce82cf7a8fcc9c095162cba1415445 .av-icon-char{\nfont-size:18px;\nline-height:18px;\n}\n<\/style>\n<span  class='av_font_icon av-jzhsy-18ce82cf7a8fcc9c095162cba1415445 avia_animate_when_visible av-icon-style- avia-icon-pos-left avia-iconfont avia-font-entypo-fontello av-no-color avia-icon-animate'><span class='av-icon-char' data-av_icon='\ue805' data-av_iconfont='entypo-fontello' aria-hidden=\"true\" data-avia-icon-tooltip=\"&lt;br \/&gt;Email\"><\/span><\/span><a href=\"mailto:info@alensphotogallery.com\"><strong>info@alensphotogallery.com<\/strong><\/a><\/p>\n<\/div><\/div><footer class=\"entry-footer\"><\/footer><\/article><br \/>\n\n<style type=\"text\/css\" data-created_by=\"avia_inline_auto\" id=\"style-css-av-esgs2-395ec41e4329ac5da89e4d8792fd51ad\">\n#top .av-special-heading.av-esgs2-395ec41e4329ac5da89e4d8792fd51ad{\nmargin:25px 0 10px 0;\npadding-bottom:0;\n}\nbody .av-special-heading.av-esgs2-395ec41e4329ac5da89e4d8792fd51ad .av-special-heading-tag .heading-char{\nfont-size:25px;\n}\n.av-special-heading.av-esgs2-395ec41e4329ac5da89e4d8792fd51ad .av-subheading{\nfont-size:15px;\n}\n<\/style>\n<div  class='av-special-heading av-esgs2-395ec41e4329ac5da89e4d8792fd51ad av-special-heading-h3  avia-builder-el-21  el_after_av_icon_box  el_before_av_social_share'><h3 class='av-special-heading-tag'  itemprop=\"headline\"  >Partager<\/h3><div class=\"special-heading-border\"><div class=\"special-heading-inner-border\"><\/div><\/div><\/div><br \/>\n<div  class='av-social-sharing-box av-b8un6-8165be83e071a7a657c3baa640a86f6f av-social-sharing-box-default  avia-builder-el-22  el_after_av_heading  avia-builder-el-last  av-social-sharing-box-fullwidth'><div class=\"av-share-box\"><ul class=\"av-share-box-list noLightbox\"><li class='av-share-link av-social-link-facebook avia_social_iconfont' ><a target=\"_blank\" aria-label=\"Partager sur Facebook\" href='https:\/\/www.facebook.com\/sharer.php?u=https:\/\/alensphotogallery.com\/fr\/gallery\/animals\/&#038;t=Animals' data-av_icon='\ue8f3' data-av_iconfont='entypo-fontello'  title='' data-avia-related-tooltip='Partager sur Facebook'><span class='avia_hidden_link_text'>Partager sur Facebook<\/span><\/a><\/li><li class='av-share-link av-social-link-twitter avia_social_iconfont' ><a target=\"_blank\" aria-label=\"Partager sur X\" href='https:\/\/twitter.com\/share?text=Animals&#038;url=https:\/\/alensphotogallery.com\/fr\/?p=738' data-av_icon='\ue932' data-av_iconfont='entypo-fontello'  title='' data-avia-related-tooltip='Partager sur X'><span class='avia_hidden_link_text'>Partager sur X<\/span><\/a><\/li><li class='av-share-link av-social-link-whatsapp avia_social_iconfont' ><a target=\"_blank\" aria-label=\"Partager sur WhatsApp\" href='https:\/\/api.whatsapp.com\/send?text=https:\/\/alensphotogallery.com\/fr\/gallery\/animals\/' data-av_icon='\uf232' data-av_iconfont='entypo-fontello'  title='' data-avia-related-tooltip='Partager sur WhatsApp'><span class='avia_hidden_link_text'>Partager sur WhatsApp<\/span><\/a><\/li><li class='av-share-link av-social-link-linkedin avia_social_iconfont' ><a target=\"_blank\" aria-label=\"Partager sur LinkedIn\" href='https:\/\/linkedin.com\/shareArticle?mini=true&#038;title=Animals&#038;url=https:\/\/alensphotogallery.com\/fr\/gallery\/animals\/' data-av_icon='\ue8fc' data-av_iconfont='entypo-fontello'  title='' data-avia-related-tooltip='Partager sur LinkedIn'><span class='avia_hidden_link_text'>Partager sur LinkedIn<\/span><\/a><\/li><li class='av-share-link av-social-link-mail avia_social_iconfont' ><a  aria-label=\"Partager par Mail\" href='mailto:?subject=Animals&#038;body=https:\/\/alensphotogallery.com\/fr\/gallery\/animals\/' data-av_icon='\ue805' data-av_iconfont='entypo-fontello'  title='' data-avia-related-tooltip='Partager par Mail'><span class='avia_hidden_link_text'>Partager par Mail<\/span><\/a><\/li><\/ul><\/div><\/div><\/p><\/div>","protected":false},"excerpt":{"rendered":"","protected":false},"author":1,"featured_media":0,"parent":675,"menu_order":0,"comment_status":"closed","ping_status":"closed","template":"","meta":{"footnotes":""},"class_list":["post-738","page","type-page","status-publish","hentry"],"aioseo_notices":[],"_links":{"self":[{"href":"https:\/\/alensphotogallery.com\/fr\/wp-json\/wp\/v2\/pages\/738","targetHints":{"allow":["GET"]}}],"collection":[{"href":"https:\/\/alensphotogallery.com\/fr\/wp-json\/wp\/v2\/pages"}],"about":[{"href":"https:\/\/alensphotogallery.com\/fr\/wp-json\/wp\/v2\/types\/page"}],"author":[{"embeddable":true,"href":"https:\/\/alensphotogallery.com\/fr\/wp-json\/wp\/v2\/users\/1"}],"replies":[{"embeddable":true,"href":"https:\/\/alensphotogallery.com\/fr\/wp-json\/wp\/v2\/comments?post=738"}],"version-history":[{"count":62,"href":"https:\/\/alensphotogallery.com\/fr\/wp-json\/wp\/v2\/pages\/738\/revisions"}],"predecessor-version":[{"id":30567,"href":"https:\/\/alensphotogallery.com\/fr\/wp-json\/wp\/v2\/pages\/738\/revisions\/30567"}],"up":[{"embeddable":true,"href":"https:\/\/alensphotogallery.com\/fr\/wp-json\/wp\/v2\/pages\/675"}],"wp:attachment":[{"href":"https:\/\/alensphotogallery.com\/fr\/wp-json\/wp\/v2\/media?parent=738"}],"curies":[{"name":"wp","href":"https:\/\/api.w.org\/{rel}","templated":true}]}}