{"id":787,"date":"2021-03-31T16:07:04","date_gmt":"2021-03-31T16:07:04","guid":{"rendered":"https:\/\/alensphotogallery.com\/?page_id=787"},"modified":"2025-04-27T12:40:25","modified_gmt":"2025-04-27T17:40:25","slug":"architectures","status":"publish","type":"page","link":"https:\/\/alensphotogallery.com\/fr\/gallery\/architectures\/","title":{"rendered":"Architectures"},"content":{"rendered":"<div   class='avia-fullscreen-slider main_color   avia-builder-el-0  el_before_av_section  avia-builder-el-first  container_wrap sidebar_right'  >\n<style type=\"text\/css\" data-created_by=\"avia_inline_auto\" id=\"style-css-av-kmxn3y9s-23eb1cb1e8717b2fa8e33692da67799d\">\n#top #wrap_all .avia-slideshow .av-slideshow-caption.av-kmxn3y9s-23eb1cb1e8717b2fa8e33692da67799d__0 .avia-caption-title{\nfont-size:60px;\n}\n<\/style>\n<a href='#next-section' title='' class='scroll-down-link av-control-hidden avia-svg-icon avia-font-svg_entypo-fontello' data-av_svg_icon='down-open-mini' data-av_iconset='svg_entypo-fontello'><svg version=\"1.1\" xmlns=\"http:\/\/www.w3.org\/2000\/svg\" width=\"15\" height=\"32\" viewbox=\"0 0 15 32\" preserveaspectratio=\"xMidYMid meet\" aria-labelledby='av-svg-title-1' aria-describedby='av-svg-desc-1' role=\"graphics-symbol\" aria-hidden=\"true\">\n<title id='av-svg-title-1'>Scroller vers la prochaine section<\/title>\n<desc id='av-svg-desc-1'>Scroller vers la prochaine section<\/desc>\n<path d=\"M12.96 12.16q0.704-0.832 1.536 0 0.832 0.704 0 1.536l-6.272 6.144q-0.704 0.704-1.536 0l-6.272-6.144q-0.832-0.832 0-1.536 0.768-0.768 1.6 0l5.44 4.992z\"><\/path>\n<\/svg><\/a><div  class='avia-slideshow av-kmxn3y9s-23eb1cb1e8717b2fa8e33692da67799d avia-slideshow-extra_large av_fullscreen avia-fade-slider av-slideshow-ui av-control-hidden av-no-slider-navigation av-hide-nav-arrows av-slideshow-autoplay av-loop-endless av-loop-manual-endless av-slider-scroll-down-active av-default-height-applied   avia-slideshow-1' data-slideshow-options=\"{&quot;animation&quot;:&quot;fade&quot;,&quot;autoplay&quot;:true,&quot;loop_autoplay&quot;:&quot;endless&quot;,&quot;interval&quot;:5,&quot;loop_manual&quot;:&quot;manual-endless&quot;,&quot;autoplay_stopper&quot;:false,&quot;noNavigation&quot;:true,&quot;bg_slider&quot;:true,&quot;keep_padding&quot;:false,&quot;hoverpause&quot;:false,&quot;show_slide_delay&quot;:0,&quot;slide_height&quot;:&quot;100&quot;,&quot;image_attachment&quot;:&quot;&quot;}\"  itemprop=\"image\" itemscope=\"itemscope\" itemtype=\"https:\/\/schema.org\/ImageObject\" ><ul class='avia-slideshow-inner' style='padding-bottom: 66.43598615917%;'><li style='background-position:center center;' data-img-url='https:\/\/alensphotogallery.com\/wp-content\/uploads\/media\/headers\/Head11.jpg' class='avia-slideshow-slide av-kmxn3y9s-23eb1cb1e8717b2fa8e33692da67799d__0  av-single-slide slide-1 slide-odd'><div data-rel='slideshow-1' class='avia-slide-wrap'   ><\/div><\/li><\/ul><div class='av-slideshow-caption av-kmxn3y9s-23eb1cb1e8717b2fa8e33692da67799d__0 caption_fullwidth caption_bottom caption_bottom_framed caption_framed'><div class=\"container caption_container\"><div class=\"slideshow_caption\"><div class=\"slideshow_inner_caption\"><div class=\"slideshow_align_caption\"><h2 class='avia-caption-title'  itemprop=\"name\" >\u25ba Architectures \u25c4<\/h2><\/div><\/div><\/div><\/div><\/div><\/div><\/div>\n<div id='av_section_1'  class='avia-section av-mk0uz-1cbc7db9c3dc0939d30a780ee644e9d3 main_color avia-section-small avia-no-border-styling  avia-builder-el-1  el_after_av_fullscreen  el_before_av_section  av-small-hide av-mini-hide avia-bg-style-scroll container_wrap sidebar_right'  ><div class='container av-section-cont-open' ><div class='template-page content  av-content-small alpha units'><div class='post-entry post-entry-type-page post-entry-787'><div class='entry-content-wrapper clearfix'>\n\n<style type=\"text\/css\" data-created_by=\"avia_inline_auto\" id=\"style-css-av-cs9a3-652182a3723b8279f3ef72e1b223695d\">\n.flex_column.av-cs9a3-652182a3723b8279f3ef72e1b223695d{\nborder-radius:0px 0px 0px 0px;\npadding:0px 0px 0px 0px;\n}\n<\/style>\n<div  class='flex_column av-cs9a3-652182a3723b8279f3ef72e1b223695d av_one_full  avia-builder-el-2  avia-builder-el-no-sibling  first no_margin flex_column_div av-animated-generic fade-in av-zero-column-padding'     ><\/div>\n\n<\/div><\/div><\/div><!-- close content main div --><\/div><\/div>\n<style type=\"text\/css\" data-created_by=\"avia_inline_auto\" id=\"style-css-av-j3bnv-f3efb4c64e050690a0e91dcc520769db\">\n.avia-section.av-j3bnv-f3efb4c64e050690a0e91dcc520769db{\nmargin-top:-30px;\nmargin-bottom:-10px;\n}\n<\/style>\n<div id='av_section_2'  class='avia-section av-j3bnv-f3efb4c64e050690a0e91dcc520769db main_color avia-section-no-padding avia-no-border-styling  avia-builder-el-4  el_after_av_section  el_before_av_section  av-desktop-hide av-medium-hide avia-bg-style-scroll container_wrap sidebar_right'  ><div class='container av-section-cont-open' ><div class='template-page content  av-content-small alpha units'><div class='post-entry post-entry-type-page post-entry-787'><div class='entry-content-wrapper clearfix'>\n\n<style type=\"text\/css\" data-created_by=\"avia_inline_auto\" id=\"style-css-av-gl4qz-984999164f00c9b1c69fb4a03a0f728c\">\n.flex_column.av-gl4qz-984999164f00c9b1c69fb4a03a0f728c{\nborder-radius:0px 0px 0px 0px;\npadding:0px 0px 0px 0px;\n}\n<\/style>\n<div  class='flex_column av-gl4qz-984999164f00c9b1c69fb4a03a0f728c av_one_full  avia-builder-el-5  avia-builder-el-no-sibling  first no_margin flex_column_div av-animated-generic fade-in av-zero-column-padding'     ><\/div>\n\n<\/div><\/div><\/div><!-- close content main div --><\/div><\/div>\n<style type=\"text\/css\" data-created_by=\"avia_inline_auto\" id=\"style-css-av-7aljf-4f2738903c333061d1b6254fa87754f8\">\n.avia-section.av-7aljf-4f2738903c333061d1b6254fa87754f8{\nmargin-top:0px;\nmargin-bottom:0px;\n}\n.avia-section.av-7aljf-4f2738903c333061d1b6254fa87754f8 .av-section-color-overlay{\nopacity:0.1;\nbackground-color:#606060;\n}\n<\/style>\n<div id='av_section_3'  class='avia-section av-7aljf-4f2738903c333061d1b6254fa87754f8 main_color avia-section-no-padding avia-no-border-styling  avia-builder-el-7  el_after_av_section  el_before_av_section  avia-bg-style-parallax av-section-color-overlay-active container_wrap sidebar_right'  ><div class=\"av-section-color-overlay-wrap\"><div class=\"av-section-color-overlay\"><\/div><div class='container av-section-cont-open' ><div class='template-page content  av-content-small alpha units'><div class='post-entry post-entry-type-page post-entry-787'><div class='entry-content-wrapper clearfix'>\n\n<\/div><\/div><\/div><!-- close content main div --><\/div><\/div><\/div><div id='av_section_4'  class='avia-section av-2c88r-98f5ee959769926c6382cdc3f5799bb9 main_color avia-section-default avia-no-border-styling  avia-builder-el-9  el_after_av_section  el_before_av_section  avia-bg-style-scroll container_wrap sidebar_right'  ><div class='container av-section-cont-open' ><div class='template-page content  av-content-small alpha units'><div class='post-entry post-entry-type-page post-entry-787'><div class='entry-content-wrapper clearfix'>\n\n<style type=\"text\/css\" data-created_by=\"avia_inline_auto\" id=\"style-css-av-fom83-2ef45c459017898a7546af04ff3c8f5b\">\n.flex_column.av-fom83-2ef45c459017898a7546af04ff3c8f5b{\nborder-radius:0px 0px 0px 0px;\npadding:0px 0px 0px 0px;\n}\n<\/style>\n<div  class='flex_column av-fom83-2ef45c459017898a7546af04ff3c8f5b av_one_full  avia-builder-el-10  avia-builder-el-no-sibling  first flex_column_div av-zero-column-padding'     ><style type=\"text\/css\" data-created_by=\"avia_inline_auto\" id=\"style-css-av-a4jaj-fe30bd8bc8f95354811d6328db23d61b\">\n#top .av_textblock_section.av-a4jaj-fe30bd8bc8f95354811d6328db23d61b .avia_textblock{\nfont-size:18px;\n}\n<\/style>\n<section  class='av_textblock_section av-a4jaj-fe30bd8bc8f95354811d6328db23d61b'   itemscope=\"itemscope\" itemtype=\"https:\/\/schema.org\/CreativeWork\" ><div class='avia_textblock'  itemprop=\"text\" ><p style=\"text-align: center;\">\"En photographie, il y a une r\u00e9alit\u00e9 si subtile qu'elle devient plus r\u00e9elle que la r\u00e9alit\u00e9.\"<strong><em><br \/>\n\u2013 Alfred Stieglitz \u2013<\/em><\/strong><\/p>\n<\/div><\/section><\/div>\n<\/p>\n<\/div><\/div><\/div><!-- close content main div --><\/div><\/div>\n<style type=\"text\/css\" data-created_by=\"avia_inline_auto\" id=\"style-css-av-hsnvn-e6aa3417c7334fd9cb7cf6a9715075b6\">\n.avia-section.av-hsnvn-e6aa3417c7334fd9cb7cf6a9715075b6 .av-parallax .av-parallax-inner{\nbackground-repeat:no-repeat;\nbackground-image:url(https:\/\/alensphotogallery.com\/wp-content\/uploads\/media\/headers\/ContactUs-1500x600.jpg);\nbackground-position:50% 0%;\nbackground-attachment:scroll;\n}\n.avia-section.av-hsnvn-e6aa3417c7334fd9cb7cf6a9715075b6 .av-section-color-overlay{\nopacity:0.7;\nbackground-color:#000000;\n}\n<\/style>\n<div id='contactus'  class='avia-section av-hsnvn-e6aa3417c7334fd9cb7cf6a9715075b6 main_color avia-section-default avia-no-border-styling  avia-builder-el-12  el_after_av_section  el_before_av_two_third  av-parallax-section avia-bg-style-parallax av-section-color-overlay-active container_wrap sidebar_right'  data-section-bg-repeat='no-repeat'><div class='av-parallax' data-avia-parallax-ratio='0.3' ><div class='av-parallax-inner main_color avia-full-stretch'><\/div><\/div><div class=\"av-section-color-overlay-wrap\"><div class=\"av-section-color-overlay\"><\/div><div class='container av-section-cont-open' ><div class='template-page content  av-content-small alpha units'><div class='post-entry post-entry-type-page post-entry-787'><div class='entry-content-wrapper clearfix'>\n\n<style type=\"text\/css\" data-created_by=\"avia_inline_auto\" id=\"style-css-av-814sb-4b8711c51ec16d3235748397e26cc35d\">\n#top .av-special-heading.av-814sb-4b8711c51ec16d3235748397e26cc35d{\npadding-bottom:10px;\nfont-size:60px;\n}\nbody .av-special-heading.av-814sb-4b8711c51ec16d3235748397e26cc35d .av-special-heading-tag .heading-char{\nfont-size:25px;\n}\n#top #wrap_all .av-special-heading.av-814sb-4b8711c51ec16d3235748397e26cc35d .av-special-heading-tag{\nfont-size:60px;\n}\n.av-special-heading.av-814sb-4b8711c51ec16d3235748397e26cc35d .av-subheading{\nfont-size:15px;\n}\n\n@media only screen and (min-width: 480px) and (max-width: 767px){ \n#top #wrap_all .av-special-heading.av-814sb-4b8711c51ec16d3235748397e26cc35d .av-special-heading-tag{\nfont-size:0.8em;\n}\n}\n\n@media only screen and (max-width: 479px){ \n#top #wrap_all .av-special-heading.av-814sb-4b8711c51ec16d3235748397e26cc35d .av-special-heading-tag{\nfont-size:0.8em;\n}\n}\n<\/style>\n<div  class='av-special-heading av-814sb-4b8711c51ec16d3235748397e26cc35d av-special-heading-h2 blockquote modern-quote modern-centered  avia-builder-el-13  avia-builder-el-no-sibling  av-thin-font av-inherit-size'><h2 class='av-special-heading-tag'  itemprop=\"headline\"  >Contacter <strong>Nous<\/strong> <\/h2><div class=\"special-heading-border\"><div class=\"special-heading-inner-border\"><\/div><\/div><\/div>\n<\/div><\/div><\/div><!-- close content main div --><\/div><\/div><\/div><div id='after_section_5'  class='main_color av_default_container_wrap container_wrap sidebar_right'  ><div class='container av-section-cont-open' ><div class='template-page content  av-content-small alpha units'><div class='post-entry post-entry-type-page post-entry-787'><div class='entry-content-wrapper clearfix'>\n\n<style type=\"text\/css\" data-created_by=\"avia_inline_auto\" id=\"style-css-av-2a0evf-a980c797a0d80b8cd996594724e4253d\">\n.flex_column.av-2a0evf-a980c797a0d80b8cd996594724e4253d{\nborder-radius:0px 0px 0px 0px;\npadding:0px 0px 0px 0px;\n}\n<\/style>\n<div  class='flex_column av-2a0evf-a980c797a0d80b8cd996594724e4253d av_two_third  avia-builder-el-14  el_after_av_section  el_before_av_one_third  avia-builder-el-first  first flex_column_div av-zero-column-padding'     ><form action=\"https:\/\/alensphotogallery.com\/fr\/gallery\/architectures\/\" method=\"post\" data-fields-with-error=\"Erreurs trouv\u00e9es dans les champs suivants :\" class=\"avia_ajax_form av-form-labels-visible   avia-builder-el-15  avia-builder-el-no-sibling\" data-avia-form-id=\"1\" data-avia-redirect='' data-trp-original-action=\"https:\/\/alensphotogallery.com\/fr\/gallery\/architectures\/\" ><fieldset><p class='first_form  form_element form_fullwidth' id='element_avia_1_1'><label for=\"avia_1_1\">Votre nom complet <abbr class=\"required\" title=\"requis(e)\">*<\/abbr><\/label> <input name=\"avia_1_1\" class=\"text_input is_empty\" type=\"text\" id=\"avia_1_1\" value=\"\" \/><\/p><p class='first_form  form_element form_element_half' id='element_avia_2_1'><label for=\"avia_2_1\">Votre courriel <abbr class=\"required\" title=\"requis(e)\">*<\/abbr><\/label> <input name=\"avia_2_1\" class=\"text_input is_email\" type=\"text\" id=\"avia_2_1\" value=\"\" \/><\/p><p class='form_element form_element_half' id='element_avia_3_1'><label for=\"avia_3_1\">T\u00e9l\u00e9phone <abbr class=\"required\" title=\"requis(e)\">*<\/abbr><\/label> <input name=\"avia_3_1\" class=\"text_input is_phone\" type=\"text\" id=\"avia_3_1\" value=\"\" \/><\/p><p class='first_form  form_element form_fullwidth' id='element_avia_4_1'><label for=\"avia_4_1\" class=\"textare_label hidden textare_label_avia_4_1\">Votre message <abbr class=\"required\" title=\"requis(e)\">*<\/abbr><\/label><textarea  name=\"avia_4_1\" class=\"text_area is_empty\" cols=\"40\" rows=\"7\" id=\"avia_4_1\" ><\/textarea><\/p><p class=\"hidden\"><input type=\"text\" name=\"avia_5_1\" class=\"hidden\" id=\"avia_5_1\" value=\"\" \/><\/p><div id='avia_6_1' class='av-recaptcha-area  first_form  form_element form_fullwidth'  data-container_class=\"\" data-custom_class=\"\" data-context=\"av_contact_form\" data-token_input=\"av_recaptcha_token\" data-version=\"avia_recaptcha_v2\" data-theme=\"dark\" data-size=\"normal\" data-score=\"0.5\" data-text_to_preview=\"\" data-value=\"\"><div class=\"av-google-badge-message hidden\">Ce site est prot\u00e9g\u00e9 par reCAPTCHA et la <a href=\"https:\/\/policies.google.com\/privacy\">politique de confidentialit\u00e9<\/a> de Google et <a href=\"https:\/\/policies.google.com\/terms\">leur conditions d\u2019utilisation<\/a> s\u2019appliquent.<\/div><\/div><p class=\"form_element\"><input type=\"hidden\" value=\"1\" name=\"avia_generated_form1\" \/><input type=\"submit\" value=\"Soumettre\" class=\"button\"  data-sending-label=\"Envoi\"\/><\/p><\/fieldset><div class=\"avia-disabled-form\">Ce formulaire est d\u00e9sactiv\u00e9 dans la mesure o\u00f9 vous refusez d\u2019accepter le service Google reCAPTCHA n\u00e9cessaire pour valider toute exp\u00e9dition de message depuis celui-ci.<\/div><input type=\"hidden\" name=\"trp-form-language\" value=\"fr\"\/><\/form><div id=\"ajaxresponse_1\" class=\"ajaxresponse ajaxresponse_1 hidden\"><\/div><\/div>\n\n<style type=\"text\/css\" data-created_by=\"avia_inline_auto\" id=\"style-css-av-182abf-5a7e26437ee0a680e42695d4a391e76c\">\n.flex_column.av-182abf-5a7e26437ee0a680e42695d4a391e76c{\nborder-radius:0px 0px 0px 0px;\npadding:0px 0px 0px 0px;\n}\n<\/style>\n<div  class='flex_column av-182abf-5a7e26437ee0a680e42695d4a391e76c av_one_third  avia-builder-el-16  el_after_av_two_third  avia-builder-el-last  flex_column_div av-zero-column-padding'     ><p>\n<style type=\"text\/css\" data-created_by=\"avia_inline_auto\" id=\"style-css-av-13upiz-d34900dc44a65583914c175e2a710632\">\n#top .hr.hr-invisible.av-13upiz-d34900dc44a65583914c175e2a710632{\nheight:30px;\n}\n<\/style>\n<div  class='hr av-13upiz-d34900dc44a65583914c175e2a710632 hr-invisible  avia-builder-el-17  el_before_av_icon_box  avia-builder-el-first'><span class='hr-inner'><span class=\"hr-inner-style\"><\/span><\/span><\/div><br \/>\n<article  class='iconbox iconbox_left_content av-vsvvv-4b0493d68f9fe9b2068a329fb25ca223 av-icon-style-no-border  avia-builder-el-18  el_after_av_hr  el_before_av_heading'  itemscope=\"itemscope\" itemtype=\"https:\/\/schema.org\/CreativeWork\" ><div class='iconbox_icon heading-color avia-iconfont avia-font-entypo-fontello' data-av_icon='\ue821' data-av_iconfont='entypo-fontello'  ><\/div><div class=\"iconbox_content\"><header class=\"entry-content-header\" aria-label=\"Ic\u00f4ne : Alen\u2019s Photo Gallery\"><h3 class='iconbox_content_title'  itemprop=\"headline\" >Alen\u2019s Photo Gallery<\/h3><\/header><div class='iconbox_content_container'  itemprop=\"text\" ><p>La Grande R\u00e9gion de Montr\u00e9al<br \/>\n(CANADA)<br \/>\n\n<style type=\"text\/css\" data-created_by=\"avia_inline_auto\" id=\"style-css-av-qacib-30b0ebd7a6b7fb3cf56dda48cc477bfc\">\n.av_font_icon.av-qacib-30b0ebd7a6b7fb3cf56dda48cc477bfc .av-icon-char{\nfont-size:18px;\nline-height:18px;\n}\n<\/style>\n<span  class='av_font_icon av-qacib-30b0ebd7a6b7fb3cf56dda48cc477bfc avia_animate_when_visible av-icon-style- avia-icon-pos-left avia-iconfont avia-font-entypo-fontello av-no-color avia-icon-animate'><span class='av-icon-char' data-av_icon='\ue854' data-av_iconfont='entypo-fontello' aria-hidden=\"true\" data-avia-icon-tooltip=\"Telephone\"><\/span><\/span><a href=\"tel:+15142416655\"><strong>514.241.6655<\/strong><\/a><br \/>\n\n<style type=\"text\/css\" data-created_by=\"avia_inline_auto\" id=\"style-css-av-nbi23-678100fdf08f18507a2dc22663649fc7\">\n.av_font_icon.av-nbi23-678100fdf08f18507a2dc22663649fc7 .av-icon-char{\nfont-size:18px;\nline-height:18px;\n}\n<\/style>\n<span  class='av_font_icon av-nbi23-678100fdf08f18507a2dc22663649fc7 avia_animate_when_visible av-icon-style- avia-icon-pos-left avia-iconfont avia-font-entypo-fontello av-no-color avia-icon-animate'><span class='av-icon-char' data-av_icon='\ue805' data-av_iconfont='entypo-fontello' aria-hidden=\"true\" data-avia-icon-tooltip=\"&lt;br \/&gt;Email\"><\/span><\/span><a href=\"mailto:info@alensphotogallery.com\"><strong>info@alensphotogallery.com<\/strong><\/a><\/p>\n<\/div><\/div><footer class=\"entry-footer\"><\/footer><\/article><br \/>\n\n<style type=\"text\/css\" data-created_by=\"avia_inline_auto\" id=\"style-css-av-hupyb-4fd77b5e620e85b3cf1746a011beb3e2\">\n#top .av-special-heading.av-hupyb-4fd77b5e620e85b3cf1746a011beb3e2{\nmargin:25px 0 10px 0;\npadding-bottom:0;\n}\nbody .av-special-heading.av-hupyb-4fd77b5e620e85b3cf1746a011beb3e2 .av-special-heading-tag .heading-char{\nfont-size:25px;\n}\n.av-special-heading.av-hupyb-4fd77b5e620e85b3cf1746a011beb3e2 .av-subheading{\nfont-size:15px;\n}\n<\/style>\n<div  class='av-special-heading av-hupyb-4fd77b5e620e85b3cf1746a011beb3e2 av-special-heading-h3  avia-builder-el-21  el_after_av_icon_box  el_before_av_social_share'><h3 class='av-special-heading-tag'  itemprop=\"headline\"  >Partager<\/h3><div class=\"special-heading-border\"><div class=\"special-heading-inner-border\"><\/div><\/div><\/div><br \/>\n<div  class='av-social-sharing-box av-7pjcj-7524f57a74b8ef5f7a12c0bf903991ea av-social-sharing-box-default  avia-builder-el-22  el_after_av_heading  avia-builder-el-last  av-social-sharing-box-fullwidth'><div class=\"av-share-box\"><ul class=\"av-share-box-list noLightbox\"><li class='av-share-link av-social-link-facebook avia_social_iconfont' ><a target=\"_blank\" aria-label=\"Partager sur Facebook\" href='https:\/\/www.facebook.com\/sharer.php?u=https:\/\/alensphotogallery.com\/fr\/gallery\/architectures\/&#038;t=Architectures' data-av_icon='\ue8f3' data-av_iconfont='entypo-fontello'  title='' data-avia-related-tooltip='Partager sur Facebook'><span class='avia_hidden_link_text'>Partager sur Facebook<\/span><\/a><\/li><li class='av-share-link av-social-link-twitter avia_social_iconfont' ><a target=\"_blank\" aria-label=\"Partager sur X\" href='https:\/\/twitter.com\/share?text=Architectures&#038;url=https:\/\/alensphotogallery.com\/fr\/?p=787' data-av_icon='\ue932' data-av_iconfont='entypo-fontello'  title='' data-avia-related-tooltip='Partager sur X'><span class='avia_hidden_link_text'>Partager sur X<\/span><\/a><\/li><li class='av-share-link av-social-link-whatsapp avia_social_iconfont' ><a target=\"_blank\" aria-label=\"Partager sur WhatsApp\" href='https:\/\/api.whatsapp.com\/send?text=https:\/\/alensphotogallery.com\/fr\/gallery\/architectures\/' data-av_icon='\uf232' data-av_iconfont='entypo-fontello'  title='' data-avia-related-tooltip='Partager sur WhatsApp'><span class='avia_hidden_link_text'>Partager sur WhatsApp<\/span><\/a><\/li><li class='av-share-link av-social-link-linkedin avia_social_iconfont' ><a target=\"_blank\" aria-label=\"Partager sur LinkedIn\" href='https:\/\/linkedin.com\/shareArticle?mini=true&#038;title=Architectures&#038;url=https:\/\/alensphotogallery.com\/fr\/gallery\/architectures\/' data-av_icon='\ue8fc' data-av_iconfont='entypo-fontello'  title='' data-avia-related-tooltip='Partager sur LinkedIn'><span class='avia_hidden_link_text'>Partager sur LinkedIn<\/span><\/a><\/li><li class='av-share-link av-social-link-mail avia_social_iconfont' ><a  aria-label=\"Partager par Mail\" href='mailto:?subject=Architectures&#038;body=https:\/\/alensphotogallery.com\/fr\/gallery\/architectures\/' data-av_icon='\ue805' data-av_iconfont='entypo-fontello'  title='' data-avia-related-tooltip='Partager par Mail'><span class='avia_hidden_link_text'>Partager par Mail<\/span><\/a><\/li><\/ul><\/div><\/div><\/p><\/div>","protected":false},"excerpt":{"rendered":"","protected":false},"author":1,"featured_media":0,"parent":675,"menu_order":0,"comment_status":"closed","ping_status":"closed","template":"","meta":{"footnotes":""},"class_list":["post-787","page","type-page","status-publish","hentry"],"aioseo_notices":[],"_links":{"self":[{"href":"https:\/\/alensphotogallery.com\/fr\/wp-json\/wp\/v2\/pages\/787","targetHints":{"allow":["GET"]}}],"collection":[{"href":"https:\/\/alensphotogallery.com\/fr\/wp-json\/wp\/v2\/pages"}],"about":[{"href":"https:\/\/alensphotogallery.com\/fr\/wp-json\/wp\/v2\/types\/page"}],"author":[{"embeddable":true,"href":"https:\/\/alensphotogallery.com\/fr\/wp-json\/wp\/v2\/users\/1"}],"replies":[{"embeddable":true,"href":"https:\/\/alensphotogallery.com\/fr\/wp-json\/wp\/v2\/comments?post=787"}],"version-history":[{"count":21,"href":"https:\/\/alensphotogallery.com\/fr\/wp-json\/wp\/v2\/pages\/787\/revisions"}],"predecessor-version":[{"id":30579,"href":"https:\/\/alensphotogallery.com\/fr\/wp-json\/wp\/v2\/pages\/787\/revisions\/30579"}],"up":[{"embeddable":true,"href":"https:\/\/alensphotogallery.com\/fr\/wp-json\/wp\/v2\/pages\/675"}],"wp:attachment":[{"href":"https:\/\/alensphotogallery.com\/fr\/wp-json\/wp\/v2\/media?parent=787"}],"curies":[{"name":"wp","href":"https:\/\/api.w.org\/{rel}","templated":true}]}}